{"id":9,"date":"2023-11-28T14:01:11","date_gmt":"2023-11-28T14:01:11","guid":{"rendered":"https:\/\/mercialkatresz.hu\/?page_id=9"},"modified":"2023-11-29T13:09:15","modified_gmt":"2023-11-29T13:09:15","slug":"kezdolap","status":"publish","type":"page","link":"https:\/\/mercialkatresz.hu\/","title":{"rendered":"KEZD\u0150LAP"},"content":{"rendered":"<p>[vc_row][vc_column][vc_column_text]<\/p>\n<p style=\"text-align: center;\"><span style=\"font-family: arial, helvetica, sans-serif; font-size: 14pt;\">G\u00e9pj\u00e1rm\u0171 k\u00e1rrendez\u00e9s<\/span><\/p>\n<p style=\"text-align: center;\"><span style=\"font-family: arial, helvetica, sans-serif; font-size: 14pt;\">g\u00e9pj\u00e1rm\u0171 k\u00e1rbejelent\u00e9s \u00e9s g\u00e9pj\u00e1rm\u0171 k\u00e1rfelv\u00e9tel \u00e9jjel-nappal h\u00edvhat\u00f3 \u00fcgyeleti telefonsz\u00e1munk:<\/span><\/p>\n<p>[\/vc_column_text][vc_empty_space][vc_column_text]<\/p>\n<p style=\"text-align: center;\"><span style=\"font-family: arial, helvetica, sans-serif; font-size: 14pt;\">M\u00e1rkaf\u00fcggetlen teljes k\u00f6r\u0171 komplex g\u00e9pj\u00e1rm\u0171 k\u00e1rrendez\u00e9s!<\/span><\/p>\n<p style=\"text-align: center;\"><span style=\"font-family: arial, helvetica, sans-serif; font-size: 14pt;\">Aut\u00f3ment\u00e9s \u2013 Karambolos aut\u00f3j\u00e1t Budapest ter\u00fclet\u00e9r\u0151l ingyen elsz\u00e1ll\u00edtjuk \u2013 biztos\u00edt\u00e1s \u00fcgyint\u00e9z\u00e9s \u2013 csereaut\u00f3<\/span><\/p>\n<p>[\/vc_column_text][vc_empty_space][vc_single_image image=&#8221;22&#8243; img_size=&#8221;full&#8221; alignment=&#8221;center&#8221;][vc_empty_space][vc_column_text]<\/p>\n<p style=\"text-align: center;\"><span style=\"font-family: arial, helvetica, sans-serif; font-size: 14pt;\"><strong>Figyelem!<\/strong><\/span><\/p>\n<p style=\"text-align: center;\"><span style=\"font-family: arial, helvetica, sans-serif; font-size: 14pt;\">C\u00e9g\u00fcnk az \u00f6sszes magyarorsz\u00e1gi biztos\u00edt\u00f3t\u00e1rsas\u00e1g szerz\u0151d\u00f6tt partnere!<\/span><\/p>\n<p>[\/vc_column_text][vc_empty_space][vc_column_text]<\/p>\n<div class=\"wpb_text_column wpb_content_element \">\n<div class=\"wpb_wrapper\">\n<div class=\"wpb_text_column wpb_content_element \">\n<div class=\"wpb_wrapper\">\n<p style=\"text-align: center;\"><span style=\"font-family: arial, helvetica, sans-serif; font-size: 14pt;\">Ha\u00a0<strong>balesetet szenvedett<\/strong>, az ilyenkor sz\u00fcks\u00e9ges int\u00e9zked\u00e9sek \u00e9s az ezzel j\u00e1r\u00f3 id\u0151kies\u00e9s\u00a0<strong>traumak\u00e9nt \u00e9rheti,\u00a0<\/strong>ez\u00e9rt b\u00edzza r\u00e1nk a teljes k\u00f6r\u0171 k\u00e1r rendez\u00e9s\u00e9t \u00e9s 20 \u00e9v tapasztalat\u00e1val mindent megoldunk \u00d6n helyett !<\/span><\/p>\n<\/div>\n<\/div>\n<\/div>\n<\/div>\n<div class=\"vc_empty_space\" style=\"text-align: center;\"><span style=\"font-family: arial, helvetica, sans-serif; font-size: 14pt;\">A legels\u0151, amelyet m\u00e9g a baleset helysz\u00edn\u00e9n kell eld\u00f6nten\u00fcnk az a baleset bek\u00f6vetkez\u00e9s\u00e9\u00e9rt\u00a0<strong>felel\u0151s szem\u00e9ly meg\u00e1llap\u00edt\u00e1sa<\/strong>.<\/span><\/div>\n<div class=\"wpb_text_column wpb_content_element \">\n<div class=\"wpb_wrapper\">\n<div class=\"wpb_text_column wpb_content_element \">\n<div class=\"wpb_wrapper\">\n<div class=\"wpb_text_column wpb_content_element \">\n<div class=\"wpb_wrapper\">\n<p style=\"text-align: center;\"><span style=\"font-family: arial, helvetica, sans-serif; font-size: 14pt;\"><em>Ha egyik g\u00e9pj\u00e1rm\u0171 vezet\u0151je sem ismeri el a felel\u0151ss\u00e9g\u00e9t, akkor \u00e9rtes\u00edteni kell a rend\u0151rs\u00e9get<\/em>, de ez\u00a0<strong>t\u00f6bb \u00f3r\u00e1s helysz\u00ednel\u00e9ssel\u00a0\u00e9s\u00a0szab\u00e1lys\u00e9rt\u00e9si elj\u00e1r\u00e1ssal j\u00e1r<\/strong>.<\/span><\/p>\n<p style=\"text-align: center;\"><span style=\"font-family: arial, helvetica, sans-serif; font-size: 14pt;\">Ebben az esetben viszont minimum\u00a0<em>60 napon bel\u00fcl sz\u00fcletik joger\u0151s hat\u00e1rozat<\/em>, \u00e9s csak ez ut\u00e1n lehet megkezdeni ak\u00e1r a\u00a0k\u00f6telez\u0151 felel\u0151ss\u00e9gbiztos\u00edt\u00e1s, ak\u00e1r a\u00a0CASCO biztos\u00edt\u00e1s terh\u00e9re a\u00a0k\u00e1rrendez\u00e9st.<\/span><\/p>\n<p style=\"text-align: center;\"><span style=\"font-family: arial, helvetica, sans-serif; font-size: 14pt;\">C\u00e9lszer\u0171 megegyezni a helysz\u00ednen, melynek eredm\u00e9nyek\u00e9nt a\u00a0<strong>k\u00e9k-s\u00e1rga baleseti bejelent\u0151 lapot pontosan ki kell t\u00f6lteni<\/strong>\u00a0\u00fcgyelve arra, hogy a lap alj\u00e1n tal\u00e1lhat\u00f3 megjegyz\u00e9s rovatba a\u00a0<strong>k\u00e1rokoz\u00f3 g\u00e9pj\u00e1rm\u0171 vezet\u0151je elismerje a felel\u0151ss\u00e9g\u00e9t<\/strong>, \u00e9s ezt \u00edrja is al\u00e1.<\/span><\/p>\n<p style=\"text-align: center;\"><span style=\"font-family: arial, helvetica, sans-serif; font-size: 14pt;\">Ezt k\u00f6vet\u0151en az al\u00e1bbiakban kell int\u00e9zkedni, hogy \u00fagy kapj\u00e1k vissza az aut\u00f3jukat, mint baleset el\u0151tt, vagyis\u00a0<strong>int\u00e9zkedni a g\u00e9pj\u00e1rm\u0171 k\u00e1rrendez\u00e9sr\u0151l<\/strong>:<\/span><\/p>\n<p style=\"text-align: left;\"><span style=\"font-family: arial, helvetica, sans-serif; font-size: 14pt;\">\u2013 elsz\u00e1ll\u00edt\u00e1s<\/span><br \/>\n<span style=\"font-family: arial, helvetica, sans-serif; font-size: 14pt;\">\u2013 szerviz keres\u00e9se<\/span><br \/>\n<span style=\"font-family: arial, helvetica, sans-serif; font-size: 14pt;\">\u2013 g\u00e9pj\u00e1rm\u0171 k\u00e1rfelv\u00e9tel, k\u00e1rszeml\u00e9re id\u0151pont egyeztet\u00e9s, ak\u00e1r t\u00f6bb alkalommal is<\/span><br \/>\n<span style=\"font-family: arial, helvetica, sans-serif; font-size: 14pt;\">\u2013 balesettel kapcsolatos \u00fcgyint\u00e9z\u00e9sek a biztos\u00edt\u00f3n\u00e1l<\/span><br \/>\n<span style=\"font-family: arial, helvetica, sans-serif; font-size: 14pt;\">\u2013 alkatr\u00e9szek beszerz\u00e9se<\/span><br \/>\n<span style=\"font-family: arial, helvetica, sans-serif; font-size: 14pt;\">\u2013 f\u00e9nyez\u00e9s<\/span><br \/>\n<span style=\"font-family: arial, helvetica, sans-serif; font-size: 14pt;\">\u2013 csereaut\u00f3<\/span><\/p>\n<\/div>\n<\/div>\n<\/div>\n<\/div>\n<\/div>\n<\/div>\n<p>[\/vc_column_text][\/vc_column][\/vc_row]<\/p>\n","protected":false},"excerpt":{"rendered":"<p>[vc_row][vc_column][vc_column_text]<\/p>\n<p style=\"text-align: center;\">G\u00e9pj\u00e1rm\u0171 k\u00e1rrendez\u00e9s<\/p>\n<p style=\"text-align: center;\">g\u00e9pj\u00e1rm\u0171 k\u00e1rbejelent\u00e9s \u00e9s g\u00e9pj\u00e1rm\u0171 k\u00e1rfelv\u00e9tel \u00e9jjel-nappal h\u00edvhat\u00f3 \u00fcgyeleti telefonsz\u00e1munk:<\/p>\n<p>[\/vc_column_text][vc_empty_space][vc_column_text]<\/p>\n<p style=\"text-align: center;\">M\u00e1rkaf\u00fcggetlen teljes k\u00f6r\u0171 komplex g\u00e9pj\u00e1rm\u0171 k\u00e1rrendez\u00e9s!<\/p>\n<p style=\"text-align: center;\">Aut\u00f3ment\u00e9s \u2013 Karambolos aut\u00f3j\u00e1t Budapest ter\u00fclet\u00e9r\u0151l ingyen elsz\u00e1ll\u00edtjuk \u2013 biztos\u00edt\u00e1s \u00fcgyint\u00e9z\u00e9s \u2013 csereaut\u00f3<\/p>\n<p>[\/vc_column_text][vc_empty_space][vc_single_image image=&#8221;22&#8243; img_size=&#8221;full&#8221; alignment=&#8221;center&#8221;][vc_empty_space][vc_column_text]<\/p>\n<p style=\"text-align: center;\"><strong>Figyelem!<\/strong><\/p>\n<p style=\"text-align: center;\">C\u00e9g\u00fcnk az \u00f6sszes magyarorsz\u00e1gi biztos\u00edt\u00f3t\u00e1rsas\u00e1g szerz\u0151d\u00f6tt partnere!<\/p>\n<p>[\/vc_column_text][vc_empty_space][vc_column_text]<\/p>\n<p style=\"text-align: center;\">Ha\u00a0<strong>balesetet szenvedett<\/strong>, az ilyenkor sz\u00fcks\u00e9ges int\u00e9zked\u00e9sek \u00e9s az ezzel j\u00e1r\u00f3 id\u0151kies\u00e9s\u00a0<strong>traumak\u00e9nt \u00e9rheti,\u00a0<\/strong>ez\u00e9rt b\u00edzza r\u00e1nk a teljes k\u00f6r\u0171 k\u00e1r rendez\u00e9s\u00e9t \u00e9s 20 \u00e9v tapasztalat\u00e1val mindent megoldunk \u00d6n helyett !<\/p>\n<p> A legels\u0151, amelyet m\u00e9g a baleset helysz\u00edn\u00e9n kell eld\u00f6nten\u00fcnk az a baleset bek\u00f6vetkez\u00e9s\u00e9\u00e9rt\u00a0<strong>felel\u0151s szem\u00e9ly meg\u00e1llap\u00edt\u00e1sa<\/strong>. <\/p>\n<p style=\"text-align: center;\"><em>Ha egyik g\u00e9pj\u00e1rm\u0171 vezet\u0151je sem ismeri el a felel\u0151ss\u00e9g\u00e9t, akkor \u00e9rtes\u00edteni kell a rend\u0151rs\u00e9get<\/em>, de ez\u00a0<strong>t\u00f6bb \u00f3r\u00e1s helysz\u00ednel\u00e9ssel\u00a0\u00e9s\u00a0szab\u00e1lys\u00e9rt\u00e9si elj\u00e1r\u00e1ssal j\u00e1r<\/strong>.<\/p>\n<p style=\"text-align: center;\">Ebben az esetben viszont minimum\u00a0<em>60 napon bel\u00fcl sz\u00fcletik joger\u0151s hat\u00e1rozat<\/em>, \u00e9s csak ez ut\u00e1n lehet megkezdeni ak\u00e1r a\u00a0k\u00f6telez\u0151 felel\u0151ss\u00e9gbiztos\u00edt\u00e1s, ak\u00e1r a\u00a0CASCO biztos\u00edt\u00e1s terh\u00e9re a\u00a0k\u00e1rrendez\u00e9st.<\/p>\n<p style=\"text-align: center;\">C\u00e9lszer\u0171 megegyezni a [&#8230;]<\/p>\n","protected":false},"author":1,"featured_media":0,"parent":0,"menu_order":0,"comment_status":"closed","ping_status":"closed","template":"","meta":{"footnotes":""},"class_list":["post-9","page","type-page","status-publish","hentry"],"_links":{"self":[{"href":"https:\/\/mercialkatresz.hu\/index.php?rest_route=\/wp\/v2\/pages\/9","targetHints":{"allow":["GET"]}}],"collection":[{"href":"https:\/\/mercialkatresz.hu\/index.php?rest_route=\/wp\/v2\/pages"}],"about":[{"href":"https:\/\/mercialkatresz.hu\/index.php?rest_route=\/wp\/v2\/types\/page"}],"author":[{"embeddable":true,"href":"https:\/\/mercialkatresz.hu\/index.php?rest_route=\/wp\/v2\/users\/1"}],"replies":[{"embeddable":true,"href":"https:\/\/mercialkatresz.hu\/index.php?rest_route=%2Fwp%2Fv2%2Fcomments&post=9"}],"version-history":[{"count":11,"href":"https:\/\/mercialkatresz.hu\/index.php?rest_route=\/wp\/v2\/pages\/9\/revisions"}],"predecessor-version":[{"id":60,"href":"https:\/\/mercialkatresz.hu\/index.php?rest_route=\/wp\/v2\/pages\/9\/revisions\/60"}],"wp:attachment":[{"href":"https:\/\/mercialkatresz.hu\/index.php?rest_route=%2Fwp%2Fv2%2Fmedia&parent=9"}],"curies":[{"name":"wp","href":"https:\/\/api.w.org\/{rel}","templated":true}]}}