{"id":28,"date":"2023-11-29T13:01:23","date_gmt":"2023-11-29T13:01:23","guid":{"rendered":"https:\/\/mercialkatresz.hu\/?page_id=28"},"modified":"2023-11-29T13:07:52","modified_gmt":"2023-11-29T13:07:52","slug":"gepjarmu-karbejelento-dokumentumok-letoltese","status":"publish","type":"page","link":"https:\/\/mercialkatresz.hu\/?page_id=28","title":{"rendered":"G\u00c9PJ\u00c1RM\u0170 K\u00c1RBEJELENT\u0150 DOKUMENTUMOK LET\u00d6LT\u00c9SE"},"content":{"rendered":"","protected":false},"excerpt":{"rendered":"","protected":false},"author":1,"featured_media":0,"parent":0,"menu_order":0,"comment_status":"closed","ping_status":"closed","template":"","meta":{"footnotes":""},"class_list":["post-28","page","type-page","status-publish","hentry"],"_links":{"self":[{"href":"https:\/\/mercialkatresz.hu\/index.php?rest_route=\/wp\/v2\/pages\/28","targetHints":{"allow":["GET"]}}],"collection":[{"href":"https:\/\/mercialkatresz.hu\/index.php?rest_route=\/wp\/v2\/pages"}],"about":[{"href":"https:\/\/mercialkatresz.hu\/index.php?rest_route=\/wp\/v2\/types\/page"}],"author":[{"embeddable":true,"href":"https:\/\/mercialkatresz.hu\/index.php?rest_route=\/wp\/v2\/users\/1"}],"replies":[{"embeddable":true,"href":"https:\/\/mercialkatresz.hu\/index.php?rest_route=%2Fwp%2Fv2%2Fcomments&post=28"}],"version-history":[{"count":2,"href":"https:\/\/mercialkatresz.hu\/index.php?rest_route=\/wp\/v2\/pages\/28\/revisions"}],"predecessor-version":[{"id":56,"href":"https:\/\/mercialkatresz.hu\/index.php?rest_route=\/wp\/v2\/pages\/28\/revisions\/56"}],"wp:attachment":[{"href":"https:\/\/mercialkatresz.hu\/index.php?rest_route=%2Fwp%2Fv2%2Fmedia&parent=28"}],"curies":[{"name":"wp","href":"https:\/\/api.w.org\/{rel}","templated":true}]}}